{"id":7075,"date":"2024-03-03T11:27:05","date_gmt":"2024-03-03T10:27:05","guid":{"rendered":"https:\/\/pold.bz\/baustoffe\/"},"modified":"2025-07-20T13:14:03","modified_gmt":"2025-07-20T11:14:03","slug":"materiali-edili","status":"publish","type":"page","link":"https:\/\/pold.bz\/it\/materiali-edili\/","title":{"rendered":"Materiali edili"},"content":{"rendered":"\t\t<div data-elementor-type=\"wp-page\" data-elementor-id=\"7075\" class=\"elementor elementor-7075 elementor-5045\" data-elementor-post-type=\"page\">\n\t\t\t\t<div class=\"elementor-element elementor-element-079e81b e-flex e-con-boxed e-con e-parent\" data-id=\"079e81b\" data-element_type=\"container\" data-settings=\"{&quot;background_background&quot;:&quot;classic&quot;}\">\n\t\t\t\t\t<div class=\"e-con-inner\">\n\t\t<div class=\"elementor-element elementor-element-f57dd0e e-con-full e-flex e-con e-child\" data-id=\"f57dd0e\" data-element_type=\"container\">\n\t\t\t\t<div class=\"elementor-element elementor-element-8a74cca elementor-widget elementor-widget-heading\" data-id=\"8a74cca\" data-element_type=\"widget\" data-widget_type=\"heading.default\">\n\t\t\t\t<div class=\"elementor-widget-container\">\n\t\t\t\t\t<h1 class=\"elementor-heading-title elementor-size-default\">MATERIALI EDILI<\/h1>\t\t\t\t<\/div>\n\t\t\t\t<\/div>\n\t\t\t\t<\/div>\n\t\t\t\t\t<\/div>\n\t\t\t\t<\/div>\n\t\t<div class=\"elementor-element elementor-element-198ee8d e-flex e-con-boxed e-con e-parent\" data-id=\"198ee8d\" data-element_type=\"container\">\n\t\t\t\t\t<div class=\"e-con-inner\">\n\t\t\t\t<div class=\"elementor-element elementor-element-f3ac5fa elementor-widget elementor-widget-image\" data-id=\"f3ac5fa\" data-element_type=\"widget\" data-widget_type=\"image.default\">\n\t\t\t\t<div class=\"elementor-widget-container\">\n\t\t\t\t\t\t\t\t\t\t\t\t\t\t\t<img decoding=\"async\" width=\"60\" height=\"62\" src=\"https:\/\/pold.bz\/wp-content\/uploads\/2025\/07\/Pold-Baustoffe-green-circle.svg\" class=\"attachment-full size-full wp-image-6355\" alt=\"Pold Baustoffe - green circle\" \/>\t\t\t\t\t\t\t\t\t\t\t\t\t\t\t<\/div>\n\t\t\t\t<\/div>\n\t\t\t\t\t<\/div>\n\t\t\t\t<\/div>\n\t\t<div class=\"elementor-element elementor-element-348b740 e-flex e-con-boxed e-con e-parent\" data-id=\"348b740\" data-element_type=\"container\">\n\t\t\t\t\t<div class=\"e-con-inner\">\n\t\t<div class=\"elementor-element elementor-element-364f061 e-con-full e-flex e-con e-child\" data-id=\"364f061\" data-element_type=\"container\">\n\t\t\t\t<div class=\"elementor-element elementor-element-5f39fcb elementor-widget elementor-widget-heading\" data-id=\"5f39fcb\" data-element_type=\"widget\" data-widget_type=\"heading.default\">\n\t\t\t\t<div class=\"elementor-widget-container\">\n\t\t\t\t\t<h2 class=\"elementor-heading-title elementor-size-default\">Tutto per la tua costruzione \u2013<\/h2>\t\t\t\t<\/div>\n\t\t\t\t<\/div>\n\t\t\t\t<div class=\"elementor-element elementor-element-7a52c02 elementor-widget__width-initial elementor-widget elementor-widget-heading\" data-id=\"7a52c02\" data-element_type=\"widget\" data-widget_type=\"heading.default\">\n\t\t\t\t<div class=\"elementor-widget-container\">\n\t\t\t\t\t<span class=\"elementor-heading-title elementor-size-default\">Qualit\u00e0 per ogni progetto edilizio<\/span>\t\t\t\t<\/div>\n\t\t\t\t<\/div>\n\t\t\t\t<div class=\"elementor-element elementor-element-1ee3fa7 elementor-widget__width-initial elementor-widget elementor-widget-heading\" data-id=\"1ee3fa7\" data-element_type=\"widget\" data-widget_type=\"heading.default\">\n\t\t\t\t<div class=\"elementor-widget-container\">\n\t\t\t\t\t<p class=\"elementor-heading-title elementor-size-default\">Che si tratti di edilizia civile, lavori in profondit\u00e0, costruzioni a secco o giardinaggio, da noi trovi materiali edili di alta qualit\u00e0 per ogni fase del tuo progetto. Con decenni di esperienza e un assortimento completo, affianchiamo sia professionisti che privati per garantire risultati solidi, duraturi e funzionali.<\/p>\t\t\t\t<\/div>\n\t\t\t\t<\/div>\n\t\t\t\t<div class=\"elementor-element elementor-element-fa450be elementor-widget__width-initial elementor-widget elementor-widget-heading\" data-id=\"fa450be\" data-element_type=\"widget\" data-widget_type=\"heading.default\">\n\t\t\t\t<div class=\"elementor-widget-container\">\n\t\t\t\t\t<p class=\"elementor-heading-title elementor-size-default\">Sempre disponibili: grazie ai nostri oltre 9.000 m\u00b2 di magazzino, garantiamo ampia disponibilit\u00e0, ritiro veloce e consegna puntuale.<\/p>\t\t\t\t<\/div>\n\t\t\t\t<\/div>\n\t\t\t\t<\/div>\n\t\t\t\t\t<\/div>\n\t\t\t\t<\/div>\n\t\t<div class=\"elementor-element elementor-element-ea9849f e-con-full e-flex e-con e-parent\" data-id=\"ea9849f\" data-element_type=\"container\" data-settings=\"{&quot;background_background&quot;:&quot;classic&quot;}\">\n\t\t<div class=\"elementor-element elementor-element-04f7b55 e-con-full e-flex e-con e-child\" data-id=\"04f7b55\" data-element_type=\"container\" data-settings=\"{&quot;background_background&quot;:&quot;classic&quot;}\">\n\t\t\t\t<\/div>\n\t\t<div class=\"elementor-element elementor-element-946f5cf e-con-full e-flex e-con e-child\" data-id=\"946f5cf\" data-element_type=\"container\">\n\t\t\t\t<div class=\"elementor-element elementor-element-db313c9 elementor-widget elementor-widget-heading\" data-id=\"db313c9\" data-element_type=\"widget\" data-widget_type=\"heading.default\">\n\t\t\t\t<div class=\"elementor-widget-container\">\n\t\t\t\t\t<h2 class=\"elementor-heading-title elementor-size-default\">Edilizia civile \u2013<\/h2>\t\t\t\t<\/div>\n\t\t\t\t<\/div>\n\t\t\t\t<div class=\"elementor-element elementor-element-364e14f elementor-widget__width-initial elementor-widget elementor-widget-heading\" data-id=\"364e14f\" data-element_type=\"widget\" data-widget_type=\"heading.default\">\n\t\t\t\t<div class=\"elementor-widget-container\">\n\t\t\t\t\t<span class=\"elementor-heading-title elementor-size-default\">Stabilit\u00e0 dal primo mattone<\/span>\t\t\t\t<\/div>\n\t\t\t\t<\/div>\n\t\t\t\t<div class=\"elementor-element elementor-element-0c4367c elementor-widget__width-initial elementor-widget elementor-widget-heading\" data-id=\"0c4367c\" data-element_type=\"widget\" data-widget_type=\"heading.default\">\n\t\t\t\t<div class=\"elementor-widget-container\">\n\t\t\t\t\t<p class=\"elementor-heading-title elementor-size-default\">Dalla base alla rifinitura: forniamo mattoni, malta, cemento, calce e materiali isolanti per costruzioni in muratura. La qualit\u00e0 su cui puoi costruire.<\/p>\t\t\t\t<\/div>\n\t\t\t\t<\/div>\n\t\t\t\t<div class=\"elementor-element elementor-element-ede2e5a elementor-widget__width-auto elementor-widget elementor-widget-button\" data-id=\"ede2e5a\" data-element_type=\"widget\" data-widget_type=\"button.default\">\n\t\t\t\t<div class=\"elementor-widget-container\">\n\t\t\t\t\t\t\t\t\t<div class=\"elementor-button-wrapper\">\n\t\t\t\t\t<a class=\"elementor-button elementor-button-link elementor-size-sm\" href=\"https:\/\/pold.bz\/it\/contatto\/\">\n\t\t\t\t\t\t<span class=\"elementor-button-content-wrapper\">\n\t\t\t\t\t\t\t\t\t<span class=\"elementor-button-text\">Contatta ora<\/span>\n\t\t\t\t\t<\/span>\n\t\t\t\t\t<\/a>\n\t\t\t\t<\/div>\n\t\t\t\t\t\t\t\t<\/div>\n\t\t\t\t<\/div>\n\t\t\t\t<\/div>\n\t\t\t\t<\/div>\n\t\t<div class=\"elementor-element elementor-element-ead63d6 e-con-full e-flex e-con e-child\" data-id=\"ead63d6\" data-element_type=\"container\" data-settings=\"{&quot;background_background&quot;:&quot;classic&quot;}\">\n\t\t<div class=\"elementor-element elementor-element-ef15f49 e-con-full e-flex e-con e-child\" data-id=\"ef15f49\" data-element_type=\"container\">\n\t\t\t\t<div class=\"elementor-element elementor-element-573a04a elementor-widget elementor-widget-heading\" data-id=\"573a04a\" data-element_type=\"widget\" data-widget_type=\"heading.default\">\n\t\t\t\t<div class=\"elementor-widget-container\">\n\t\t\t\t\t<h2 class=\"elementor-heading-title elementor-size-default\">Costruzione a secco \u2013<\/h2>\t\t\t\t<\/div>\n\t\t\t\t<\/div>\n\t\t\t\t<div class=\"elementor-element elementor-element-7a76fb8 elementor-widget__width-initial elementor-widget elementor-widget-heading\" data-id=\"7a76fb8\" data-element_type=\"widget\" data-widget_type=\"heading.default\">\n\t\t\t\t<div class=\"elementor-widget-container\">\n\t\t\t\t\t<span class=\"elementor-heading-title elementor-size-default\">Flessibile ed efficiente<\/span>\t\t\t\t<\/div>\n\t\t\t\t<\/div>\n\t\t\t\t<div class=\"elementor-element elementor-element-709348b elementor-widget__width-initial elementor-widget elementor-widget-heading\" data-id=\"709348b\" data-element_type=\"widget\" data-widget_type=\"heading.default\">\n\t\t\t\t<div class=\"elementor-widget-container\">\n\t\t\t\t\t<p class=\"elementor-heading-title elementor-size-default\">Tutto per l\u2019allestimento interno: lastre in cartongesso, profili, stucchi e accessori per lavorazioni rapide e professionali.<\/p>\t\t\t\t<\/div>\n\t\t\t\t<\/div>\n\t\t\t\t<div class=\"elementor-element elementor-element-a1958ef elementor-widget__width-auto elementor-widget elementor-widget-button\" data-id=\"a1958ef\" data-element_type=\"widget\" data-widget_type=\"button.default\">\n\t\t\t\t<div class=\"elementor-widget-container\">\n\t\t\t\t\t\t\t\t\t<div class=\"elementor-button-wrapper\">\n\t\t\t\t\t<a class=\"elementor-button elementor-button-link elementor-size-sm\" href=\"https:\/\/pold.bz\/it\/contatto\/\">\n\t\t\t\t\t\t<span class=\"elementor-button-content-wrapper\">\n\t\t\t\t\t\t\t\t\t<span class=\"elementor-button-text\">Contatta ora<\/span>\n\t\t\t\t\t<\/span>\n\t\t\t\t\t<\/a>\n\t\t\t\t<\/div>\n\t\t\t\t\t\t\t\t<\/div>\n\t\t\t\t<\/div>\n\t\t\t\t<\/div>\n\t\t<div class=\"elementor-element elementor-element-956ae47 e-con-full e-flex e-con e-child\" data-id=\"956ae47\" data-element_type=\"container\" data-settings=\"{&quot;background_background&quot;:&quot;classic&quot;}\">\n\t\t\t\t<\/div>\n\t\t\t\t<\/div>\n\t\t<div class=\"elementor-element elementor-element-809759e e-con-full e-flex e-con e-parent\" data-id=\"809759e\" data-element_type=\"container\" data-settings=\"{&quot;background_background&quot;:&quot;classic&quot;}\">\n\t\t<div class=\"elementor-element elementor-element-9d8360a e-con-full e-flex e-con e-child\" data-id=\"9d8360a\" data-element_type=\"container\" data-settings=\"{&quot;background_background&quot;:&quot;classic&quot;}\">\n\t\t\t\t<\/div>\n\t\t<div class=\"elementor-element elementor-element-deb8df8 e-con-full e-flex e-con e-child\" data-id=\"deb8df8\" data-element_type=\"container\">\n\t\t\t\t<div class=\"elementor-element elementor-element-214434c elementor-widget elementor-widget-heading\" data-id=\"214434c\" data-element_type=\"widget\" data-widget_type=\"heading.default\">\n\t\t\t\t<div class=\"elementor-widget-container\">\n\t\t\t\t\t<h2 class=\"elementor-heading-title elementor-size-default\">Giardinaggio \u2013<\/h2>\t\t\t\t<\/div>\n\t\t\t\t<\/div>\n\t\t\t\t<div class=\"elementor-element elementor-element-4d26fd6 elementor-widget__width-initial elementor-widget elementor-widget-heading\" data-id=\"4d26fd6\" data-element_type=\"widget\" data-widget_type=\"heading.default\">\n\t\t\t\t<div class=\"elementor-widget-container\">\n\t\t\t\t\t<span class=\"elementor-heading-title elementor-size-default\">Estetica e funzionalit\u00e0<\/span>\t\t\t\t<\/div>\n\t\t\t\t<\/div>\n\t\t\t\t<div class=\"elementor-element elementor-element-dc91436 elementor-widget__width-initial elementor-widget elementor-widget-heading\" data-id=\"dc91436\" data-element_type=\"widget\" data-widget_type=\"heading.default\">\n\t\t\t\t<div class=\"elementor-widget-container\">\n\t\t\t\t\t<p class=\"elementor-heading-title elementor-size-default\">Pavimentazioni, piastrelle per terrazze, bordure, vasi in cemento o mattoni decorativi: materiali resistenti e di design per i tuoi spazi esterni.<\/p>\t\t\t\t<\/div>\n\t\t\t\t<\/div>\n\t\t\t\t<div class=\"elementor-element elementor-element-5b37f19 elementor-widget__width-auto elementor-widget elementor-widget-button\" data-id=\"5b37f19\" data-element_type=\"widget\" data-widget_type=\"button.default\">\n\t\t\t\t<div class=\"elementor-widget-container\">\n\t\t\t\t\t\t\t\t\t<div class=\"elementor-button-wrapper\">\n\t\t\t\t\t<a class=\"elementor-button elementor-button-link elementor-size-sm\" href=\"https:\/\/pold.bz\/it\/contatto\/\">\n\t\t\t\t\t\t<span class=\"elementor-button-content-wrapper\">\n\t\t\t\t\t\t\t\t\t<span class=\"elementor-button-text\">Contatta ora<\/span>\n\t\t\t\t\t<\/span>\n\t\t\t\t\t<\/a>\n\t\t\t\t<\/div>\n\t\t\t\t\t\t\t\t<\/div>\n\t\t\t\t<\/div>\n\t\t\t\t<\/div>\n\t\t\t\t<\/div>\n\t\t<div class=\"elementor-element elementor-element-5db22f4 e-flex e-con-boxed e-con e-parent\" data-id=\"5db22f4\" data-element_type=\"container\">\n\t\t\t\t\t<div class=\"e-con-inner\">\n\t\t<div class=\"elementor-element elementor-element-325af8d e-con-full e-flex e-con e-child\" data-id=\"325af8d\" data-element_type=\"container\">\n\t\t\t\t<div class=\"elementor-element elementor-element-0f3648c elementor-widget__width-initial elementor-widget elementor-widget-heading\" data-id=\"0f3648c\" data-element_type=\"widget\" data-widget_type=\"heading.default\">\n\t\t\t\t<div class=\"elementor-widget-container\">\n\t\t\t\t\t<h2 class=\"elementor-heading-title elementor-size-default\">Noi consegniamo, tu costruisci.<\/h2>\t\t\t\t<\/div>\n\t\t\t\t<\/div>\n\t\t\t\t<div class=\"elementor-element elementor-element-bf03b90 elementor-widget__width-initial elementor-widget elementor-widget-heading\" data-id=\"bf03b90\" data-element_type=\"widget\" data-widget_type=\"heading.default\">\n\t\t\t\t<div class=\"elementor-widget-container\">\n\t\t\t\t\t<p class=\"elementor-heading-title elementor-size-default\">Con la nostra flotta moderna, garantiamo una consegna rapida e affidabile direttamente al tuo cantiere. Sia per grandi quantit\u00e0 per l'edilizia civile e l'edilizia profonda, sia per materiali speciali per giardinaggio e tetti \u2013 portiamo il tuo ordine direttamente a destinazione.<\/p>\t\t\t\t<\/div>\n\t\t\t\t<\/div>\n\t\t\t\t<div class=\"elementor-element elementor-element-529c9dc elementor-widget elementor-widget-heading\" data-id=\"529c9dc\" data-element_type=\"widget\" data-widget_type=\"heading.default\">\n\t\t\t\t<div class=\"elementor-widget-container\">\n\t\t\t\t\t<h3 class=\"elementor-heading-title elementor-size-default\">Le nostre soluzioni di trasporto:<\/h3>\t\t\t\t<\/div>\n\t\t\t\t<\/div>\n\t\t\t\t<div class=\"elementor-element elementor-element-a091649 elementor-icon-list--layout-traditional elementor-list-item-link-full_width elementor-widget elementor-widget-icon-list\" data-id=\"a091649\" data-element_type=\"widget\" data-widget_type=\"icon-list.default\">\n\t\t\t\t<div class=\"elementor-widget-container\">\n\t\t\t\t\t\t\t<ul class=\"elementor-icon-list-items\">\n\t\t\t\t\t\t\t<li class=\"elementor-icon-list-item\">\n\t\t\t\t\t\t\t\t\t\t\t<span class=\"elementor-icon-list-icon\">\n\t\t\t\t\t\t\t<svg aria-hidden=\"true\" class=\"e-font-icon-svg e-fas-check\" viewBox=\"0 0 512 512\" xmlns=\"http:\/\/www.w3.org\/2000\/svg\"><path d=\"M173.898 439.404l-166.4-166.4c-9.997-9.997-9.997-26.206 0-36.204l36.203-36.204c9.997-9.998 26.207-9.998 36.204 0L192 312.69 432.095 72.596c9.997-9.997 26.207-9.997 36.204 0l36.203 36.204c9.997 9.997 9.997 26.206 0 36.204l-294.4 294.401c-9.998 9.997-26.207 9.997-36.204-.001z\"><\/path><\/svg>\t\t\t\t\t\t<\/span>\n\t\t\t\t\t\t\t\t\t\t<span class=\"elementor-icon-list-text\">Camion con gru per scarichi precisi \u2013 con una portata fino a 22 m<\/span>\n\t\t\t\t\t\t\t\t\t<\/li>\n\t\t\t\t\t\t\t\t<li class=\"elementor-icon-list-item\">\n\t\t\t\t\t\t\t\t\t\t\t<span class=\"elementor-icon-list-icon\">\n\t\t\t\t\t\t\t<svg aria-hidden=\"true\" class=\"e-font-icon-svg e-fas-check\" viewBox=\"0 0 512 512\" xmlns=\"http:\/\/www.w3.org\/2000\/svg\"><path d=\"M173.898 439.404l-166.4-166.4c-9.997-9.997-9.997-26.206 0-36.204l36.203-36.204c9.997-9.998 26.207-9.998 36.204 0L192 312.69 432.095 72.596c9.997-9.997 26.207-9.997 36.204 0l36.203 36.204c9.997 9.997 9.997 26.206 0 36.204l-294.4 294.401c-9.998 9.997-26.207 9.997-36.204-.001z\"><\/path><\/svg>\t\t\t\t\t\t<\/span>\n\t\t\t\t\t\t\t\t\t\t<span class=\"elementor-icon-list-text\">Veicoli ribaltabili per materiali sfusi<\/span>\n\t\t\t\t\t\t\t\t\t<\/li>\n\t\t\t\t\t\t\t\t<li class=\"elementor-icon-list-item\">\n\t\t\t\t\t\t\t\t\t\t\t<span class=\"elementor-icon-list-icon\">\n\t\t\t\t\t\t\t<svg aria-hidden=\"true\" class=\"e-font-icon-svg e-fas-check\" viewBox=\"0 0 512 512\" xmlns=\"http:\/\/www.w3.org\/2000\/svg\"><path d=\"M173.898 439.404l-166.4-166.4c-9.997-9.997-9.997-26.206 0-36.204l36.203-36.204c9.997-9.998 26.207-9.998 36.204 0L192 312.69 432.095 72.596c9.997-9.997 26.207-9.997 36.204 0l36.203 36.204c9.997 9.997 9.997 26.206 0 36.204l-294.4 294.401c-9.998 9.997-26.207 9.997-36.204-.001z\"><\/path><\/svg>\t\t\t\t\t\t<\/span>\n\t\t\t\t\t\t\t\t\t\t<span class=\"elementor-icon-list-text\">Trasporti adatti a ogni tipo di quantit\u00e0<\/span>\n\t\t\t\t\t\t\t\t\t<\/li>\n\t\t\t\t\t\t<\/ul>\n\t\t\t\t\t\t<\/div>\n\t\t\t\t<\/div>\n\t\t\t\t<\/div>\n\t\t<div class=\"elementor-element elementor-element-ece8723 e-con-full e-flex e-con e-child\" data-id=\"ece8723\" data-element_type=\"container\">\n\t\t\t\t<div class=\"elementor-element elementor-element-5758123 elementor-widget elementor-widget-image\" data-id=\"5758123\" data-element_type=\"widget\" data-widget_type=\"image.default\">\n\t\t\t\t<div class=\"elementor-widget-container\">\n\t\t\t\t\t\t\t\t\t\t\t\t\t\t\t<img fetchpriority=\"high\" decoding=\"async\" width=\"686\" height=\"812\" src=\"https:\/\/pold.bz\/wp-content\/uploads\/2025\/07\/Pold-Baustoffe-Home-Fuhrpark.jpg\" class=\"attachment-full size-full wp-image-6935\" alt=\"Pold Baustoffe - Home - Parco veicoli\" \/>\t\t\t\t\t\t\t\t\t\t\t\t\t\t\t<\/div>\n\t\t\t\t<\/div>\n\t\t\t\t<\/div>\n\t\t\t\t\t<\/div>\n\t\t\t\t<\/div>\n\t\t<div class=\"elementor-element elementor-element-849961d e-flex e-con-boxed e-con e-parent\" data-id=\"849961d\" data-element_type=\"container\" data-settings=\"{&quot;background_background&quot;:&quot;classic&quot;}\">\n\t\t\t\t\t<div class=\"e-con-inner\">\n\t\t<div class=\"elementor-element elementor-element-0d75794 e-con-full e-flex e-con e-child\" data-id=\"0d75794\" data-element_type=\"container\">\n\t\t\t\t<div class=\"elementor-element elementor-element-47774b9 elementor-widget-tablet__width-initial elementor-widget elementor-widget-heading\" data-id=\"47774b9\" data-element_type=\"widget\" data-widget_type=\"heading.default\">\n\t\t\t\t<div class=\"elementor-widget-container\">\n\t\t\t\t\t<h2 class=\"elementor-heading-title elementor-size-default\">Acciaio per il tuo progetto edilizio.<\/h2>\t\t\t\t<\/div>\n\t\t\t\t<\/div>\n\t\t\t\t<div class=\"elementor-element elementor-element-3a0a12e elementor-widget__width-auto elementor-widget elementor-widget-button\" data-id=\"3a0a12e\" data-element_type=\"widget\" data-widget_type=\"button.default\">\n\t\t\t\t<div class=\"elementor-widget-container\">\n\t\t\t\t\t\t\t\t\t<div class=\"elementor-button-wrapper\">\n\t\t\t\t\t<a class=\"elementor-button elementor-button-link elementor-size-sm\" href=\"https:\/\/pold.bz\/it\/contatto\/\">\n\t\t\t\t\t\t<span class=\"elementor-button-content-wrapper\">\n\t\t\t\t\t\t\t\t\t<span class=\"elementor-button-text\">Contatta ora<\/span>\n\t\t\t\t\t<\/span>\n\t\t\t\t\t<\/a>\n\t\t\t\t<\/div>\n\t\t\t\t\t\t\t\t<\/div>\n\t\t\t\t<\/div>\n\t\t\t\t<\/div>\n\t\t\t\t\t<\/div>\n\t\t\t\t<\/div>\n\t\t<div class=\"elementor-element elementor-element-3771b11 e-flex e-con-boxed e-con e-parent\" data-id=\"3771b11\" data-element_type=\"container\">\n\t\t\t\t\t<div class=\"e-con-inner\">\n\t\t<div class=\"elementor-element elementor-element-7ca8c6b e-con-full e-flex e-con e-child\" data-id=\"7ca8c6b\" data-element_type=\"container\">\n\t\t\t\t<div class=\"elementor-element elementor-element-e799555 elementor-widget__width-initial elementor-widget elementor-widget-heading\" data-id=\"e799555\" data-element_type=\"widget\" data-widget_type=\"heading.default\">\n\t\t\t\t<div class=\"elementor-widget-container\">\n\t\t\t\t\t<h2 class=\"elementor-heading-title elementor-size-default\">L\u2019acciaio \u00e8 sinonimo di <strong>resistenza, affidabilit\u00e0 e durata.<\/strong><\/h2>\t\t\t\t<\/div>\n\t\t\t\t<\/div>\n\t\t\t\t<div class=\"elementor-element elementor-element-3712e55 elementor-widget__width-initial elementor-widget elementor-widget-heading\" data-id=\"3712e55\" data-element_type=\"widget\" data-widget_type=\"heading.default\">\n\t\t\t\t<div class=\"elementor-widget-container\">\n\t\t\t\t\t<p class=\"elementor-heading-title elementor-size-default\">Offriamo barre per armatura, reti elettrosaldate, travi e lavorazioni personalizzate per l\u2019edilizia civile e profonda. Grazie a macchinari all\u2019avanguardia, eseguiamo <strong>tagli su misura e piegature su richiesta<\/strong>, consegnando direttamente in cantiere.<\/p>\t\t\t\t<\/div>\n\t\t\t\t<\/div>\n\t\t\t\t<div class=\"elementor-element elementor-element-3e52277 elementor-widget__width-initial elementor-widget elementor-widget-heading\" data-id=\"3e52277\" data-element_type=\"widget\" data-widget_type=\"heading.default\">\n\t\t\t\t<div class=\"elementor-widget-container\">\n\t\t\t\t\t<p class=\"elementor-heading-title elementor-size-default\">Soluzioni su misura, sempre con la qualit\u00e0 POLD.<\/p>\t\t\t\t<\/div>\n\t\t\t\t<\/div>\n\t\t\t\t<div class=\"elementor-element elementor-element-2e4706a elementor-align-justify elementor-widget__width-initial elementor-widget elementor-widget-button\" data-id=\"2e4706a\" data-element_type=\"widget\" data-widget_type=\"button.default\">\n\t\t\t\t<div class=\"elementor-widget-container\">\n\t\t\t\t\t\t\t\t\t<div class=\"elementor-button-wrapper\">\n\t\t\t\t\t<a class=\"elementor-button elementor-button-link elementor-size-sm\" href=\"https:\/\/pold.bz\/it\/contatto\/\">\n\t\t\t\t\t\t<span class=\"elementor-button-content-wrapper\">\n\t\t\t\t\t\t\t\t\t<span class=\"elementor-button-text\">Contatto<\/span>\n\t\t\t\t\t<\/span>\n\t\t\t\t\t<\/a>\n\t\t\t\t<\/div>\n\t\t\t\t\t\t\t\t<\/div>\n\t\t\t\t<\/div>\n\t\t\t\t<\/div>\n\t\t\t\t\t<\/div>\n\t\t\t\t<\/div>\n\t\t<div class=\"elementor-element elementor-element-dedc005 e-flex e-con-boxed e-con e-parent\" data-id=\"dedc005\" data-element_type=\"container\">\n\t\t\t\t\t<div class=\"e-con-inner\">\n\t\t<div class=\"elementor-element elementor-element-feb59c0 e-con-full e-flex e-con e-child\" data-id=\"feb59c0\" data-element_type=\"container\">\n\t\t\t\t<div class=\"elementor-element elementor-element-8657b54 elementor-widget elementor-widget-image\" data-id=\"8657b54\" data-element_type=\"widget\" data-widget_type=\"image.default\">\n\t\t\t\t<div class=\"elementor-widget-container\">\n\t\t\t\t\t\t\t\t\t\t\t\t\t\t\t<img decoding=\"async\" width=\"2048\" height=\"1536\" src=\"https:\/\/pold.bz\/wp-content\/uploads\/2025\/07\/Pold-Baustoffe-Baustoffe-Baukonstruktion.jpg\" class=\"attachment-full size-full wp-image-6978\" alt=\"Pold Baustoffe - Baustoffe - Baukonstruktion\" \/>\t\t\t\t\t\t\t\t\t\t\t\t\t\t\t<\/div>\n\t\t\t\t<\/div>\n\t\t\t\t<\/div>\n\t\t<div class=\"elementor-element elementor-element-f6fed51 e-con-full e-flex e-con e-child\" data-id=\"f6fed51\" data-element_type=\"container\">\n\t\t\t\t<div class=\"elementor-element elementor-element-9cda75d elementor-widget elementor-widget-image\" data-id=\"9cda75d\" data-element_type=\"widget\" data-widget_type=\"image.default\">\n\t\t\t\t<div class=\"elementor-widget-container\">\n\t\t\t\t\t\t\t\t\t\t\t\t\t\t\t<img loading=\"lazy\" decoding=\"async\" width=\"2048\" height=\"1152\" src=\"https:\/\/pold.bz\/wp-content\/uploads\/2025\/07\/Pold-Baustoffe-Baustoffe-Baukonstruktion-2.jpg\" class=\"attachment-full size-full wp-image-6980\" alt=\"Pold Baustoffe - Baustoffe - Baukonstruktion 2\" \/>\t\t\t\t\t\t\t\t\t\t\t\t\t\t\t<\/div>\n\t\t\t\t<\/div>\n\t\t\t\t<\/div>\n\t\t\t\t\t<\/div>\n\t\t\t\t<\/div>\n\t\t\t\t<\/div>\n\t\t","protected":false},"excerpt":{"rendered":"<p>MATERIALI EDILI Tutto per la tua costruzione \u2013 Qualit\u00e0 per ogni progetto edilizio Che si tratti di edilizia civile, lavori in profondit\u00e0, costruzioni a secco o giardinaggio, da noi trovi materiali edili di alta qualit\u00e0 per ogni fase del tuo progetto. Con decenni di esperienza e un assortimento completo, affianchiamo sia professionisti che privati per [&hellip;]<\/p>\n","protected":false},"author":2,"featured_media":0,"parent":0,"menu_order":2,"comment_status":"closed","ping_status":"closed","template":"","meta":{"footnotes":""},"class_list":["post-7075","page","type-page","status-publish","hentry"],"_links":{"self":[{"href":"https:\/\/pold.bz\/it\/wp-json\/wp\/v2\/pages\/7075","targetHints":{"allow":["GET"]}}],"collection":[{"href":"https:\/\/pold.bz\/it\/wp-json\/wp\/v2\/pages"}],"about":[{"href":"https:\/\/pold.bz\/it\/wp-json\/wp\/v2\/types\/page"}],"author":[{"embeddable":true,"href":"https:\/\/pold.bz\/it\/wp-json\/wp\/v2\/users\/2"}],"replies":[{"embeddable":true,"href":"https:\/\/pold.bz\/it\/wp-json\/wp\/v2\/comments?post=7075"}],"version-history":[{"count":0,"href":"https:\/\/pold.bz\/it\/wp-json\/wp\/v2\/pages\/7075\/revisions"}],"wp:attachment":[{"href":"https:\/\/pold.bz\/it\/wp-json\/wp\/v2\/media?parent=7075"}],"curies":[{"name":"wp","href":"https:\/\/api.w.org\/{rel}","templated":true}]}}